{"id":6005,"date":"2026-04-14T13:31:43","date_gmt":"2026-04-14T13:31:43","guid":{"rendered":"https:\/\/jmolegal.com\/politica-de-privacidade\/"},"modified":"2026-04-17T11:26:04","modified_gmt":"2026-04-17T11:26:04","slug":"politica-de-privacidade","status":"publish","type":"page","link":"https:\/\/jmolegal.com\/pt-pt\/politica-de-privacidade\/","title":{"rendered":"Pol\u00edtica de Privacidade"},"content":{"rendered":"<div class=\"wpb-content-wrapper\">[vc_row][vc_column][vc_column_text margin_bottom=&#8221;30&#8243; css=&#8221;.vc_custom_1526986722138{margin-bottom: 0px !important;padding-top: 50px !important;padding-bottom: 50px !important;}&#8221;]\n<h1>Termos e Condi\u00e7\u00f5es<br \/>\ne Pol\u00edtica de Privacidade &#8220;GDPR&#8221;<\/h1>\n[\/vc_column_text][vc_column_text css=&#8221;.vc_custom_1527005704115{margin-bottom: 0px !important;padding-bottom: 50px !important;}&#8221;]\n<h3>Vis\u00e3o geral de como lidamos com suas informa\u00e7\u00f5es:<\/h3>\n<ul>\n<li>Utilizamos suas informa\u00e7\u00f5es apenas para contato direto e para fins de faturamento.<\/li>\n<li>N\u00f3s nunca vendemos, compartilhamos ou negociamos suas informa\u00e7\u00f5es.<\/li>\n<li>Suas informa\u00e7\u00f5es n\u00e3o sair\u00e3o da UE.<\/li>\n<\/ul>\n[\/vc_column_text][mk_padding_divider][vc_tabs][vc_tab title=&#8221;TERMOS E CONDI\u00c7\u00d5ES&#8221; tab_id=&#8221;1546518028-1-50&#8243;][vc_row_inner][vc_column_inner][vc_column_text margin_bottom=&#8221;0&#8243; css=&#8221;.vc_custom_1776266514440{margin-bottom: 0px !important;}&#8221;]\n<h2>Introdu\u00e7\u00e3o<\/h2>\n<p>Estes Termos e Condi\u00e7\u00f5es Padr\u00e3o do Site, descritos nesta p\u00e1gina, regem o seu uso do nosso site, JMO | Tax &amp; Legal, acess\u00edvel em <strong>www.jmolegal.com.<\/strong><\/p>\n<p>Estes Termos ser\u00e3o aplicados integralmente e afetar\u00e3o o seu uso deste Site. Ao usar este Site, voc\u00ea concorda em aceitar todos os termos e condi\u00e7\u00f5es aqui descritos. Voc\u00ea n\u00e3o deve usar este Site se discordar de qualquer um destes Termos e Condi\u00e7\u00f5es Padr\u00e3o do Site.<\/p>\n<h2>Direitos de Propriedade Intelectual<\/h2>\n<p>Al\u00e9m do conte\u00fado que voc\u00ea possui, de acordo com estes Termos, a JMO | Tax &amp; Legal e\/ou seus licenciadores det\u00eam todos os direitos de propriedade intelectual e materiais contidos neste site.<\/p>\n<p>\u00c9-lhe concedida uma licen\u00e7a limitada apenas para efeitos de visualiza\u00e7\u00e3o do material contido neste Website.<\/p>\n<h2>Restrictions<\/h2>\n<p>Voc\u00ea est\u00e1 especificamente proibido de realizar todas as seguintes a\u00e7\u00f5es:<\/p>\n<ul>\n<li>publicar qualquer material do site em qualquer outra media;<\/li>\n<li>Vender, sublicenciar e\/ou comercializar de qualquer outra forma qualquer material do Website;<\/li>\n<li>exibir e\/ou apresentar publicamente qualquer material do site;<\/li>\n<li>utilizar este site de qualquer forma que seja ou possa ser prejudicial a este site;<\/li>\n<li>utilizar este site de qualquer forma que afete o acesso do usu\u00e1rio a este site;<\/li>\n<li>utilizar este Website de forma contr\u00e1ria \u00e0s leis e regulamentos aplic\u00e1veis, ou de qualquer forma que possa causar danos ao Website, ou a qualquer pessoa ou entidade comercial;<\/li>\n<li>envolver-se em qualquer atividade de minera\u00e7\u00e3o de dados, coleta de dados, extra\u00e7\u00e3o de dados ou qualquer outra atividade similar relacionada a este site;<\/li>\n<li>utilizar este site para fins de publicidade ou marketing.<\/li>\n<\/ul>\n<p>Determinadas \u00e1reas deste site s\u00e3o restritas ao seu acesso e a JMO | Tax &amp; Legal pode restringir ainda mais o seu acesso a quaisquer \u00e1reas deste site, a qualquer momento, a seu exclusivo crit\u00e9rio. Qualquer nome de usu\u00e1rio e senha que voc\u00ea possua para este site s\u00e3o confidenciais e voc\u00ea deve manter essa confidencialidade.<\/p>\n<h2>O seu conte\u00fado<\/h2>\n<p>Nestes Termos e Condi\u00e7\u00f5es Padr\u00e3o do Site, &#8220;Seu Conte\u00fado&#8221; significa qualquer \u00e1udio, v\u00eddeo, texto, imagem ou outro material que voc\u00ea optar por exibir neste Site. Ao exibir Seu Conte\u00fado, voc\u00ea concede \u00e0 JMO | Tax &amp; Legal uma licen\u00e7a n\u00e3o exclusiva, mundial, irrevog\u00e1vel e sublicenci\u00e1vel para usar, reproduzir, adaptar, publicar, traduzir e distribuir o mesmo em qualquer m\u00eddia.<\/p>\n<p>Seu conte\u00fado deve ser de sua autoria e n\u00e3o deve infringir os direitos de terceiros. A JMO | Tax &amp; Legal reserva-se o direito de remover qualquer conte\u00fado seu deste site a qualquer momento, sem aviso pr\u00e9vio.<\/p>\n<h2>Sem garantias<\/h2>\n<p>Este site \u00e9 fornecido &#8220;tal como est\u00e1&#8221;, com todas as suas falhas, e a JMO | Tax &amp; Legal n\u00e3o oferece quaisquer declara\u00e7\u00f5es ou garantias de qualquer tipo relacionadas a este site ou aos materiais nele contidos. Al\u00e9m disso, nada neste site deve ser interpretado como aconselhamento.<\/p>\n<h2>Limita\u00e7\u00e3o de responsabilidade<\/h2>\n<p>Em hip\u00f3tese alguma a JMO | Tax &amp; Legal, nem seus diretores, funcion\u00e1rios ou colaboradores, ser\u00e3o responsabilizados por quaisquer danos decorrentes ou relacionados ao seu uso deste site, seja por responsabilidade contratual ou extracontratual. A JMO | Tax &amp; Legal, incluindo seus diretores, funcion\u00e1rios e colaboradores, n\u00e3o ser\u00e1 responsabilizada por quaisquer danos indiretos, consequenciais ou especiais decorrentes ou relacionados ao seu uso deste site.<\/p>\n<h2>Indemniza\u00e7\u00e3o<\/h2>\n<p>Por meio deste, voc\u00ea concorda em indenizar integralmente a JMO | Tax &amp; Legal por quaisquer responsabilidades, custos, demandas, causas de a\u00e7\u00e3o, danos e despesas decorrentes de qualquer forma relacionada \u00e0 sua viola\u00e7\u00e3o de qualquer uma das disposi\u00e7\u00f5es destes Termos.<\/p>\n<h2>Severability<\/h2>\n<p>Caso alguma disposi\u00e7\u00e3o destes Termos seja considerada inv\u00e1lida sob qualquer lei aplic\u00e1vel, tal disposi\u00e7\u00e3o ser\u00e1 exclu\u00edda sem afetar as demais disposi\u00e7\u00f5es aqui contidas.<\/p>\n<h2>Varia\u00e7\u00e3o de Termos<\/h2>\n<p>A JMO | Tax &amp; Legal reserva-se o direito de revisar estes Termos a qualquer momento, conforme julgar conveniente, e ao utilizar este Website, espera-se que voc\u00ea revise estes Termos regularmente.<\/p>\n<h2>Assignment<\/h2>\n<p>A JMO | Tax &amp; Legal tem permiss\u00e3o para ceder, transferir e subcontratar seus direitos e\/ou obriga\u00e7\u00f5es sob estes Termos sem qualquer notifica\u00e7\u00e3o. No entanto, voc\u00ea n\u00e3o tem permiss\u00e3o para ceder, transferir ou subcontratar quaisquer de seus direitos e\/ou obriga\u00e7\u00f5es sob estes Termos.<\/p>\n<h2>Acordo Integral<\/h2>\n<p>Estes Termos constituem o acordo integral entre a JMO | Tax &amp; Legal e voc\u00ea em rela\u00e7\u00e3o ao seu uso deste Website, e substituem todos os acordos e entendimentos anteriores.<\/p>\n<h2>Lei aplic\u00e1vel e jurisdi\u00e7\u00e3o<\/h2>\n<p>Os presentes Termos ser\u00e3o regidos e interpretados de acordo com as leis do Estado de Portugal, e o utilizador submete-se \u00e0 jurisdi\u00e7\u00e3o n\u00e3o exclusiva dos tribunais estaduais e federais localizados em Portugal para a resolu\u00e7\u00e3o de quaisquer lit\u00edgios.<\/p>\n[\/vc_column_text][\/vc_column_inner][\/vc_row_inner][\/vc_tab][vc_tab title=&#8221;Pol\u00edtica RGPD&#8221; tab_id=&#8221;1546518028-2-71&#8243;][vc_row_inner][vc_column_inner][vc_column_text margin_bottom=&#8221;0&#8243; css=&#8221;.vc_custom_1776267095778{margin-bottom: 0px !important;}&#8221;]\n<h2>Pol\u00edtica de Privacidade<\/h2>\n<p>Na JMO | Tax &amp; Legal, acess\u00edvel em www.jmolegal.com, uma de nossas principais prioridades \u00e9 a privacidade de nossos visitantes. Este documento de Pol\u00edtica de Privacidade cont\u00e9m os tipos de informa\u00e7\u00f5es que s\u00e3o coletadas e registradas pela JMO | Tax &amp; Legal e como as utilizamos.<\/p>\n<p>Caso tenha d\u00favidas adicionais ou precise de mais informa\u00e7\u00f5es sobre nossa Pol\u00edtica de Privacidade, n\u00e3o hesite em nos contatar por e-mail no endere\u00e7o <a href=\"mailto:info@jmolegal.com\">info@jmolegal.com<\/a>.<\/p>\n<h2>Regulamento Geral de Prote\u00e7\u00e3o de Dados (RGPD)<\/h2>\n<p>Somos o Controlador de Dados das suas informa\u00e7\u00f5es.<\/p>\n<p>JMO | Impostos e Assuntos Jur\u00eddicos: A base legal para a coleta e o uso das informa\u00e7\u00f5es pessoais descritas nesta Pol\u00edtica de Privacidade depende das informa\u00e7\u00f5es pessoais que coletamos e do contexto espec\u00edfico em que as coletamos.<\/p>\n<ul>\n<li>JMO | A \u00e1rea de Impostos e Assuntos Jur\u00eddicos precisa executar um contrato com voc\u00ea.<\/li>\n<li>Voc\u00ea deu permiss\u00e3o \u00e0 JMO | Tax &amp; Legal para fazer isso.<\/li>\n<li>O processamento das suas informa\u00e7\u00f5es pessoais est\u00e1 sujeito aos leg\u00edtimos interesses da JMO | Tax &amp; Legal<\/li>\n<li>JMO | As \u00e1reas de Impostos e Direito precisam estar em conformidade com a lei.<\/li>\n<\/ul>\n<p>A JMO | Tax &amp; Legal reter\u00e1 suas informa\u00e7\u00f5es pessoais apenas pelo tempo necess\u00e1rio para os fins descritos nesta Pol\u00edtica de Privacidade. Reteremos e usaremos suas informa\u00e7\u00f5es na medida necess\u00e1ria para cumprir nossas obriga\u00e7\u00f5es legais, resolver disputas e fazer cumprir nossas pol\u00edticas.<\/p>\n<p>Se voc\u00ea reside no Espa\u00e7o Econ\u00f3mico Europeu (EEE), possui certos direitos de prote\u00e7\u00e3o de dados. Caso deseje ser informado sobre quais informa\u00e7\u00f5es pessoais mantemos a seu respeito e se desejar que elas sejam removidas de nossos sistemas, entre em contacto connosco.<\/p>\n<p>Em determinadas circunst\u00e2ncias, voc\u00ea tem os seguintes direitos de prote\u00e7\u00e3o de dados:<\/p>\n<ul>\n<li>O direito de acessar, atualizar ou excluir as informa\u00e7\u00f5es que temos sobre voc\u00ea.<\/li>\n<li>O direito de retifica\u00e7\u00e3o.<\/li>\n<li>O direito de obje\u00e7\u00e3o.<\/li>\n<li>O direito de restri\u00e7\u00e3o.<\/li>\n<li>O direito \u00e0 portabilidade de dados<\/li>\n<li>O direito de retirar o consentimento.<\/li>\n<\/ul>\n<h2>Arquivos de registro<\/h2>\n<p>A JMO | Tax &amp; Legal segue um procedimento padr\u00e3o de utiliza\u00e7\u00e3o de arquivos de log. Esses arquivos registram os visitantes quando acessam o site. Todas as empresas de hospedagem fazem isso e \u00e9 parte da an\u00e1lise dos servi\u00e7os de hospedagem. As informa\u00e7\u00f5es coletadas pelos arquivos de log incluem endere\u00e7os de protocolo de internet (IP), tipo de navegador, provedor de servi\u00e7os de internet (ISP), data e hora de acesso, p\u00e1ginas de entrada\/sa\u00edda e, possivelmente, o n\u00famero de cliques. Essas informa\u00e7\u00f5es n\u00e3o est\u00e3o vinculadas a nenhuma informa\u00e7\u00e3o pessoalmente identific\u00e1vel. O objetivo dessas informa\u00e7\u00f5es \u00e9 analisar tend\u00eancias, administrar o site, acompanhar o movimento dos usu\u00e1rios no site e coletar informa\u00e7\u00f5es demogr\u00e1ficas.<\/p>\n<h2>Cookies e Web Beacons<\/h2>\n<p>Assim como qualquer outro site, o JMO | Tax &amp; Legal utiliza &#8216;cookies&#8217;. Esses cookies s\u00e3o usados \u200b\u200bpara armazenar informa\u00e7\u00f5es, incluindo as prefer\u00eancias dos visitantes e as p\u00e1ginas do site que o visitante acessou ou visitou. As informa\u00e7\u00f5es s\u00e3o usadas para otimizar a experi\u00eancia do usu\u00e1rio, personalizando o conte\u00fado da nossa p\u00e1gina da web com base no tipo de navegador do visitante e\/ou outras informa\u00e7\u00f5es.<\/p>\n<h2>Pol\u00edticas de Privacidade<\/h2>\n<p>Voc\u00ea pode consultar esta lista para encontrar a Pol\u00edtica de Privacidade de cada um dos parceiros de publicidade da JMO | Tax &amp; Legal.<\/p>\n<p>Servidores ou redes de publicidade de terceiros utilizam tecnologias como cookies, JavaScript ou Web Beacons em seus respectivos an\u00fancios e links exibidos no JMO | Tax &amp; Legal, que s\u00e3o enviados diretamente para o navegador do usu\u00e1rio. Quando isso ocorre, eles recebem automaticamente o seu endere\u00e7o IP. Essas tecnologias s\u00e3o utilizadas para medir a efic\u00e1cia de suas campanhas publicit\u00e1rias e\/ou para personalizar o conte\u00fado dos an\u00fancios que voc\u00ea v\u00ea nos sites que visita.<\/p>\n<p>Note que a JMO | Tax &amp; Legal n\u00e3o tem acesso nem controle sobre esses cookies utilizados por anunciantes terceirizados.<\/p>\n<h2>Pol\u00edticas de Privacidade de Terceiros<\/h2>\n<p>A Pol\u00edtica de Privacidade da JMO | Tax &amp; Legal n\u00e3o se aplica a outros anunciantes ou sites. Portanto, recomendamos que voc\u00ea consulte as respectivas Pol\u00edticas de Privacidade desses servidores de an\u00fancios de terceiros para obter informa\u00e7\u00f5es mais detalhadas. Elas podem incluir suas pr\u00e1ticas e instru\u00e7\u00f5es sobre como desativar determinadas op\u00e7\u00f5es.<\/p>\n<p>Voc\u00ea pode optar por desativar os cookies nas configura\u00e7\u00f5es do seu navegador. Para obter informa\u00e7\u00f5es mais detalhadas sobre o gerenciamento de cookies em navegadores espec\u00edficos, consulte os respectivos sites dos navegadores. O que s\u00e3o cookies?<\/p>\n<h2>Informa\u00e7\u00f5es sobre crian\u00e7as<\/h2>\n<p>Outra das nossas prioridades \u00e9 garantir a prote\u00e7\u00e3o das crian\u00e7as enquanto utilizam a internet. Encorajamos os pais e respons\u00e1veis \u200b\u200ba observar, participar e\/ou monitorar e orientar as atividades online dos seus filhos.<\/p>\n<p>A JMO | Tax &amp; Legal n\u00e3o coleta intencionalmente nenhuma Informa\u00e7\u00e3o Pessoal Identific\u00e1vel de crian\u00e7as menores de 13 anos. Se voc\u00ea acredita que seu filho forneceu esse tipo de informa\u00e7\u00e3o em nosso site, recomendamos fortemente que entre em contato conosco imediatamente e faremos o poss\u00edvel para remover essas informa\u00e7\u00f5es de nossos registros o mais r\u00e1pido poss\u00edvel.<\/p>\n<h2>Pol\u00edtica de privacidade on-line apenas<\/h2>\n<p>Esta pol\u00edtica de privacidade aplica-se apenas \u00e0s nossas atividades online e \u00e9 v\u00e1lida para os visitantes do nosso website relativamente \u00e0s informa\u00e7\u00f5es que partilham e\/ou recolhem na JMO | Tax &amp; Legal. Esta pol\u00edtica n\u00e3o se aplica a quaisquer informa\u00e7\u00f5es recolhidas offline ou atrav\u00e9s de canais que n\u00e3o sejam este website.<\/p>\n<h2>Consentimento<\/h2>\n<p>Ao utilizar nosso site, voc\u00ea concorda com nossa Pol\u00edtica de Privacidade e aceita seus termos.<\/p>\n[\/vc_column_text][\/vc_column_inner][\/vc_row_inner][\/vc_tab][\/vc_tabs][\/vc_column][\/vc_row]\n<\/div>","protected":false},"excerpt":{"rendered":"<p>[vc_row][vc_column][vc_column_text margin_bottom=&#8221;30&#8243; css=&#8221;.vc_custom_1526986722138{margin-bottom: 0px !important;padding-top: 50px !important;padding-bottom: 50px !important;}&#8221;] Termos e Condi\u00e7\u00f5es e Pol\u00edtica de Privacidade &#8220;GDPR&#8221; [\/vc_column_text][vc_column_text css=&#8221;.vc_custom_1527005704115{margin-bottom: 0px !important;padding-bottom: 50px !important;}&#8221;] Vis\u00e3o geral de como lidamos com suas informa\u00e7\u00f5es: Utilizamos suas informa\u00e7\u00f5es apenas para contato direto e para fins de faturamento. N\u00f3s nunca vendemos, compartilhamos ou negociamos suas informa\u00e7\u00f5es. Suas informa\u00e7\u00f5es n\u00e3o sair\u00e3o [&hellip;]<\/p>\n","protected":false},"author":1,"featured_media":0,"parent":0,"menu_order":0,"comment_status":"closed","ping_status":"closed","template":"","meta":{"footnotes":""},"class_list":["post-6005","page","type-page","status-publish","hentry"],"_links":{"self":[{"href":"https:\/\/jmolegal.com\/pt-pt\/wp-json\/wp\/v2\/pages\/6005","targetHints":{"allow":["GET"]}}],"collection":[{"href":"https:\/\/jmolegal.com\/pt-pt\/wp-json\/wp\/v2\/pages"}],"about":[{"href":"https:\/\/jmolegal.com\/pt-pt\/wp-json\/wp\/v2\/types\/page"}],"author":[{"embeddable":true,"href":"https:\/\/jmolegal.com\/pt-pt\/wp-json\/wp\/v2\/users\/1"}],"replies":[{"embeddable":true,"href":"https:\/\/jmolegal.com\/pt-pt\/wp-json\/wp\/v2\/comments?post=6005"}],"version-history":[{"count":4,"href":"https:\/\/jmolegal.com\/pt-pt\/wp-json\/wp\/v2\/pages\/6005\/revisions"}],"predecessor-version":[{"id":6010,"href":"https:\/\/jmolegal.com\/pt-pt\/wp-json\/wp\/v2\/pages\/6005\/revisions\/6010"}],"wp:attachment":[{"href":"https:\/\/jmolegal.com\/pt-pt\/wp-json\/wp\/v2\/media?parent=6005"}],"curies":[{"name":"wp","href":"https:\/\/api.w.org\/{rel}","templated":true}]}}